{"id":4070,"date":"2025-02-26T16:30:20","date_gmt":"2025-02-26T13:30:20","guid":{"rendered":"https:\/\/anovatorturkiye.com\/?page_id=4070"},"modified":"2025-09-12T15:25:03","modified_gmt":"2025-09-12T12:25:03","slug":"katalog","status":"publish","type":"page","link":"https:\/\/anovatorturkiye.com\/en\/katalog\/","title":{"rendered":"Katalog"},"content":{"rendered":"<div data-elementor-type=\"wp-page\" data-elementor-id=\"4070\" class=\"elementor elementor-4070\">\n\t\t\t\t<div class=\"elementor-element elementor-element-b192591 e-con-full e-flex wpr-particle-no wpr-jarallax-no wpr-parallax-no wpr-sticky-section-no e-con e-child\" data-id=\"b192591\" data-element_type=\"container\" data-e-type=\"container\" data-settings=\"{&quot;background_background&quot;:&quot;classic&quot;}\">\n\t\t<div class=\"elementor-element elementor-element-e7ed16f e-con-full e-flex wpr-particle-no wpr-jarallax-no wpr-parallax-no wpr-sticky-section-no e-con e-child\" data-id=\"e7ed16f\" data-element_type=\"container\" data-e-type=\"container\">\n\t\t\t\t<div class=\"elementor-element elementor-element-0d031cb elementor-widget__width-auto elementor-widget elementor-widget-image\" data-id=\"0d031cb\" data-element_type=\"widget\" data-e-type=\"widget\" data-widget_type=\"image.default\">\n\t\t\t\t<div class=\"elementor-widget-container\">\n\t\t\t\t\t\t\t\t\t\t\t\t\t\t\t<img decoding=\"async\" width=\"300\" height=\"60\" src=\"https:\/\/anovatorturkiye.com\/wp-content\/uploads\/2025\/09\/opt-logo-300x60.png\" class=\"attachment-medium size-medium wp-image-4587\" alt=\"\" srcset=\"https:\/\/anovatorturkiye.com\/wp-content\/uploads\/2025\/09\/opt-logo-300x60.png 300w, https:\/\/anovatorturkiye.com\/wp-content\/uploads\/2025\/09\/opt-logo-1024x206.png 1024w, https:\/\/anovatorturkiye.com\/wp-content\/uploads\/2025\/09\/opt-logo-768x155.png 768w, https:\/\/anovatorturkiye.com\/wp-content\/uploads\/2025\/09\/opt-logo-1536x309.png 1536w, https:\/\/anovatorturkiye.com\/wp-content\/uploads\/2025\/09\/opt-logo-2048x412.png 2048w, https:\/\/anovatorturkiye.com\/wp-content\/uploads\/2025\/09\/opt-logo-18x4.png 18w\" sizes=\"(max-width: 300px) 100vw, 300px\" \/>\t\t\t\t\t\t\t\t\t\t\t\t\t\t\t<\/div>\n\t\t\t\t<\/div>\n\t\t\t\t<\/div>\n\t\t<div class=\"elementor-element elementor-element-fbdfc82 e-con-full e-flex wpr-particle-no wpr-jarallax-no wpr-parallax-no wpr-sticky-section-no e-con e-child\" data-id=\"fbdfc82\" data-element_type=\"container\" data-e-type=\"container\">\n\t\t\t\t<div class=\"elementor-element elementor-element-b76de88 wpr-main-menu-align-center wpr-nav-menu-bp-tablet wpr-main-menu-align--laptopleft wpr-main-menu-align--tabletleft wpr-main-menu-align--mobileleft wpr-pointer-underline wpr-pointer-line-fx wpr-pointer-fx-fade wpr-sub-icon-caret-down wpr-sub-menu-fx-fade wpr-mobile-menu-full-width wpr-mobile-menu-item-align-center wpr-mobile-toggle-v1 wpr-sub-divider-yes wpr-mobile-divider-yes elementor-widget elementor-widget-wpr-nav-menu\" data-id=\"b76de88\" data-element_type=\"widget\" data-e-type=\"widget\" data-settings=\"{&quot;menu_layout&quot;:&quot;horizontal&quot;}\" data-widget_type=\"wpr-nav-menu.default\">\n\t\t\t\t<div class=\"elementor-widget-container\">\n\t\t\t\t\t<nav class=\"wpr-nav-menu-container wpr-nav-menu-horizontal\" data-trigger=\"hover\"><ul id=\"menu-1-b76de88\" class=\"wpr-nav-menu\"><li class=\"menu-item menu-item-type-post_type menu-item-object-page menu-item-home menu-item-1849\"><a href=\"https:\/\/anovatorturkiye.com\/en\/\" class=\"wpr-menu-item wpr-pointer-item\">Main Menu<\/a><\/li>\n<li class=\"menu-item menu-item-type-custom menu-item-object-custom menu-item-4500\"><a href=\"#cihazlarimiz\" class=\"wpr-menu-item wpr-pointer-item\">Products<\/a><\/li>\n<li class=\"menu-item menu-item-type-custom menu-item-object-custom menu-item-3156\"><a href=\"https:\/\/www.anovator.com\/admin\/\" class=\"wpr-menu-item wpr-pointer-item\">User Panel<\/a><\/li>\n<li class=\"menu-item menu-item-type-post_type menu-item-object-page menu-item-has-children menu-item-1850\"><a aria-haspopup=\"true\" aria-expanded=\"false\" href=\"https:\/\/anovatorturkiye.com\/en\/hakkimizda\/\" class=\"wpr-menu-item wpr-pointer-item\">About<i class=\"wpr-sub-icon fas\" aria-hidden=\"true\"><\/i><\/a>\n<ul class=\"sub-menu wpr-sub-menu\">\n\t<li class=\"menu-item menu-item-type-custom menu-item-object-custom menu-item-3158\"><a href=\"https:\/\/anovatorturkiye.com\/en\/hakkimizda\/\" class=\"wpr-sub-menu-item\">About<\/a><\/li>\n\t<li class=\"menu-item menu-item-type-post_type menu-item-object-page menu-item-4079\"><a href=\"https:\/\/anovatorturkiye.com\/en\/katalog\/\" class=\"wpr-sub-menu-item\">Katalog<\/a><\/li>\n\t<li class=\"menu-item menu-item-type-post_type menu-item-object-page menu-item-2248\"><a href=\"https:\/\/anovatorturkiye.com\/en\/sss\/\" class=\"wpr-sub-menu-item\">FAQ<\/a><\/li>\n<\/ul>\n<\/li>\n<li class=\"menu-item menu-item-type-post_type menu-item-object-page menu-item-4065\"><a href=\"https:\/\/anovatorturkiye.com\/en\/blog-2\/\" class=\"wpr-menu-item wpr-pointer-item\">Blog<\/a><\/li>\n<li class=\"menu-item menu-item-type-custom menu-item-object-custom menu-item-3689\"><a href=\"#iletisim-formu\" class=\"wpr-menu-item wpr-pointer-item\">Contact Us<\/a><\/li>\n<\/ul><\/nav><nav class=\"wpr-mobile-nav-menu-container\"><div class=\"wpr-mobile-toggle-wrap\"><div class=\"wpr-mobile-toggle\"><span class=\"wpr-mobile-toggle-line\"><\/span><span class=\"wpr-mobile-toggle-line\"><\/span><span class=\"wpr-mobile-toggle-line\"><\/span><\/div><\/div><ul id=\"mobile-menu-2-b76de88\" class=\"wpr-mobile-nav-menu\"><li class=\"menu-item menu-item-type-post_type menu-item-object-page menu-item-home menu-item-1849\"><a href=\"https:\/\/anovatorturkiye.com\/en\/\" class=\"wpr-mobile-menu-item\">Main Menu<\/a><\/li>\n<li class=\"menu-item menu-item-type-custom menu-item-object-custom menu-item-4500\"><a href=\"#cihazlarimiz\" class=\"wpr-mobile-menu-item\">Products<\/a><\/li>\n<li class=\"menu-item menu-item-type-custom menu-item-object-custom menu-item-3156\"><a href=\"https:\/\/www.anovator.com\/admin\/\" class=\"wpr-mobile-menu-item\">User Panel<\/a><\/li>\n<li class=\"menu-item menu-item-type-post_type menu-item-object-page menu-item-has-children menu-item-1850\"><a href=\"https:\/\/anovatorturkiye.com\/en\/hakkimizda\/\" class=\"wpr-mobile-menu-item\">About<\/a>\n<ul class=\"sub-menu wpr-sub-menu\">\n\t<li class=\"menu-item menu-item-type-custom menu-item-object-custom menu-item-3158\"><a href=\"https:\/\/anovatorturkiye.com\/en\/hakkimizda\/\" class=\"wpr-mobile-sub-menu-item\">About<\/a><\/li>\n\t<li class=\"menu-item menu-item-type-post_type menu-item-object-page menu-item-4079\"><a href=\"https:\/\/anovatorturkiye.com\/en\/katalog\/\" class=\"wpr-mobile-sub-menu-item\">Katalog<\/a><\/li>\n\t<li class=\"menu-item menu-item-type-post_type menu-item-object-page menu-item-2248\"><a href=\"https:\/\/anovatorturkiye.com\/en\/sss\/\" class=\"wpr-mobile-sub-menu-item\">FAQ<\/a><\/li>\n<\/ul>\n<\/li>\n<li class=\"menu-item menu-item-type-post_type menu-item-object-page menu-item-4065\"><a href=\"https:\/\/anovatorturkiye.com\/en\/blog-2\/\" class=\"wpr-mobile-menu-item\">Blog<\/a><\/li>\n<li class=\"menu-item menu-item-type-custom menu-item-object-custom menu-item-3689\"><a href=\"#iletisim-formu\" class=\"wpr-mobile-menu-item\">Contact Us<\/a><\/li>\n<\/ul><\/nav>\t\t\t\t<\/div>\n\t\t\t\t<\/div>\n\t\t\t\t<\/div>\n\t\t<div class=\"elementor-element elementor-element-3ed7fee e-con-full e-flex wpr-particle-no wpr-jarallax-no wpr-parallax-no wpr-sticky-section-no e-con e-child\" data-id=\"3ed7fee\" data-element_type=\"container\" data-e-type=\"container\">\n\t\t\t\t<div class=\"elementor-element elementor-element-20f2ff5 elementor-widget elementor-widget-eael-creative-button\" data-id=\"20f2ff5\" data-element_type=\"widget\" data-e-type=\"widget\" data-widget_type=\"eael-creative-button.default\">\n\t\t\t\t<div class=\"elementor-widget-container\">\n\t\t\t\t\t        <div class=\"eael-creative-button-wrapper\">\n\n            <a class=\"eael-creative-button eael-creative-button--ujarak\" href=\"https:\/\/wa.me\/905548912236\" data-text=\"\">\n            \t    \n                <div class=\"creative-button-inner\">\n\n                                            <span class=\"eael-creative-button-icon-left\"><svg aria-hidden=\"true\" class=\"e-font-icon-svg e-fas-phone-alt\" viewbox=\"0 0 512 512\" xmlns=\"http:\/\/www.w3.org\/2000\/svg\"><path d=\"M497.39 361.8l-112-48a24 24 0 0 0-28 6.9l-49.6 60.6A370.66 370.66 0 0 1 130.6 204.11l60.6-49.6a23.94 23.94 0 0 0 6.9-28l-48-112A24.16 24.16 0 0 0 122.6.61l-104 24A24 24 0 0 0 0 48c0 256.5 207.9 464 464 464a24 24 0 0 0 23.4-18.6l24-104a24.29 24.29 0 0 0-14.01-27.6z\"><\/path><\/svg><\/span>                    \n                    <span class=\"cretive-button-text\">Fiyat Teklifi Al\u0131n<\/span>\n\n                                    <\/div>\n\t                        <\/a>\n        <\/div>\n        \t\t\t\t<\/div>\n\t\t\t\t<\/div>\n\t\t\t\t<\/div>\n\t\t\t\t<\/div>\n\t\t<div class=\"elementor-element elementor-element-78644f3 e-con-full e-flex wpr-particle-no wpr-jarallax-no wpr-parallax-no wpr-sticky-section-no e-con e-parent\" data-id=\"78644f3\" data-element_type=\"container\" data-e-type=\"container\">\n\t\t\t\t<div class=\"elementor-element elementor-element-a679a67 elementor-widget__width-inherit elementor-widget elementor-widget-shortcode\" data-id=\"a679a67\" data-element_type=\"widget\" data-e-type=\"widget\" data-widget_type=\"shortcode.default\">\n\t\t\t\t<div class=\"elementor-widget-container\">\n\t\t\t\t\t\t\t<div class=\"elementor-shortcode\"><div class=\"_df_book df-lite\" id=\"df_4072\"  _slug=\"anovator-katalog\" data-title=\"anovator-katalog\" wpoptions=\"true\" thumb=\"https:\/\/anovatorturkiye.com\/wp-content\/uploads\/2025\/02\/Ekran-Resmi-2026-01-16-17.05.36.png\" thumbtype=\"\" ><\/div><script class=\"df-shortcode-script\" nowprocket type=\"application\/javascript\">window.option_df_4072 = {\"outline\":[],\"viewerType\":\"flipbook\",\"autoEnableOutline\":\"false\",\"autoEnableThumbnail\":\"false\",\"overwritePDFOutline\":\"false\",\"direction\":\"1\",\"pageSize\":\"0\",\"source\":\"https:\\\/\\\/anovatorturkiye.com\\\/wp-content\\\/uploads\\\/2026\\\/01\\\/Anovator-Katalog-.pdf\",\"wpOptions\":\"true\"}; if(window.DFLIP && window.DFLIP.parseBooks){window.DFLIP.parseBooks();}<\/script><\/div>\n\t\t\t\t\t\t<\/div>\n\t\t\t\t<\/div>\n\t\t\t\t<\/div>\n\t\t\t\t<\/div>","protected":false},"excerpt":{"rendered":"<p>Ana Men\u00fc Cihazlar\u0131m\u0131z Kullan\u0131c\u0131 Paneli Hakk\u0131m\u0131zda Hakk\u0131m\u0131zda Katalog SSS Blog \u0130leti\u015fim Ana Men\u00fc Cihazlar\u0131m\u0131z Kullan\u0131c\u0131 Paneli Hakk\u0131m\u0131zda Hakk\u0131m\u0131zda Katalog SSS Blog \u0130leti\u015fim Fiyat Teklifi Al\u0131n<\/p>","protected":false},"author":1,"featured_media":0,"parent":0,"menu_order":0,"comment_status":"closed","ping_status":"closed","template":"elementor_canvas","meta":{"footnotes":""},"class_list":["post-4070","page","type-page","status-publish","hentry"],"blocksy_meta":[],"rttpg_featured_image_url":null,"rttpg_author":{"display_name":"AnovatorTurkiye","author_link":"https:\/\/anovatorturkiye.com\/en\/author\/u1961862\/"},"rttpg_comment":0,"rttpg_category":null,"rttpg_excerpt":"Ana Men\u00fc Cihazlar\u0131m\u0131z Kullan\u0131c\u0131 Paneli Hakk\u0131m\u0131zda Hakk\u0131m\u0131zda Katalog SSS Blog \u0130leti\u015fim Ana Men\u00fc Cihazlar\u0131m\u0131z Kullan\u0131c\u0131 Paneli Hakk\u0131m\u0131zda Hakk\u0131m\u0131zda Katalog SSS Blog \u0130leti\u015fim Fiyat Teklifi Al\u0131n","_links":{"self":[{"href":"https:\/\/anovatorturkiye.com\/en\/wp-json\/wp\/v2\/pages\/4070","targetHints":{"allow":["GET"]}}],"collection":[{"href":"https:\/\/anovatorturkiye.com\/en\/wp-json\/wp\/v2\/pages"}],"about":[{"href":"https:\/\/anovatorturkiye.com\/en\/wp-json\/wp\/v2\/types\/page"}],"author":[{"embeddable":true,"href":"https:\/\/anovatorturkiye.com\/en\/wp-json\/wp\/v2\/users\/1"}],"replies":[{"embeddable":true,"href":"https:\/\/anovatorturkiye.com\/en\/wp-json\/wp\/v2\/comments?post=4070"}],"version-history":[{"count":7,"href":"https:\/\/anovatorturkiye.com\/en\/wp-json\/wp\/v2\/pages\/4070\/revisions"}],"predecessor-version":[{"id":4636,"href":"https:\/\/anovatorturkiye.com\/en\/wp-json\/wp\/v2\/pages\/4070\/revisions\/4636"}],"wp:attachment":[{"href":"https:\/\/anovatorturkiye.com\/en\/wp-json\/wp\/v2\/media?parent=4070"}],"curies":[{"name":"wp","href":"https:\/\/api.w.org\/{rel}","templated":true}]}}