{"id":1835,"date":"2024-10-10T14:05:45","date_gmt":"2024-10-10T11:05:45","guid":{"rendered":"http:\/\/anovatorturkiye.com\/?page_id=1835"},"modified":"2025-09-12T15:24:33","modified_gmt":"2025-09-12T12:24:33","slug":"iletisim","status":"publish","type":"page","link":"https:\/\/anovatorturkiye.com\/en\/iletisim\/","title":{"rendered":"Contact Us"},"content":{"rendered":"<div data-elementor-type=\"wp-page\" data-elementor-id=\"1835\" class=\"elementor elementor-1835\">\n\t\t\t\t<div class=\"elementor-element elementor-element-6dd52ac e-con-full e-flex wpr-particle-no wpr-jarallax-no wpr-parallax-no wpr-sticky-section-no e-con e-child\" data-id=\"6dd52ac\" data-element_type=\"container\" data-e-type=\"container\" data-settings=\"{&quot;background_background&quot;:&quot;classic&quot;}\">\n\t\t<div class=\"elementor-element elementor-element-6562cdb e-con-full e-flex wpr-particle-no wpr-jarallax-no wpr-parallax-no wpr-sticky-section-no e-con e-child\" data-id=\"6562cdb\" data-element_type=\"container\" data-e-type=\"container\">\n\t\t\t\t<div class=\"elementor-element elementor-element-1914ea2 elementor-widget__width-auto elementor-widget elementor-widget-image\" data-id=\"1914ea2\" data-element_type=\"widget\" data-e-type=\"widget\" data-widget_type=\"image.default\">\n\t\t\t\t<div class=\"elementor-widget-container\">\n\t\t\t\t\t\t\t\t\t\t\t\t\t\t\t<img decoding=\"async\" width=\"300\" height=\"60\" src=\"https:\/\/anovatorturkiye.com\/wp-content\/uploads\/2025\/09\/opt-logo-300x60.png\" class=\"attachment-medium size-medium wp-image-4587\" alt=\"\" srcset=\"https:\/\/anovatorturkiye.com\/wp-content\/uploads\/2025\/09\/opt-logo-300x60.png 300w, https:\/\/anovatorturkiye.com\/wp-content\/uploads\/2025\/09\/opt-logo-1024x206.png 1024w, https:\/\/anovatorturkiye.com\/wp-content\/uploads\/2025\/09\/opt-logo-768x155.png 768w, https:\/\/anovatorturkiye.com\/wp-content\/uploads\/2025\/09\/opt-logo-1536x309.png 1536w, https:\/\/anovatorturkiye.com\/wp-content\/uploads\/2025\/09\/opt-logo-2048x412.png 2048w, https:\/\/anovatorturkiye.com\/wp-content\/uploads\/2025\/09\/opt-logo-18x4.png 18w\" sizes=\"(max-width: 300px) 100vw, 300px\" \/>\t\t\t\t\t\t\t\t\t\t\t\t\t\t\t<\/div>\n\t\t\t\t<\/div>\n\t\t\t\t<\/div>\n\t\t<div class=\"elementor-element elementor-element-b9223f8 e-con-full e-flex wpr-particle-no wpr-jarallax-no wpr-parallax-no wpr-sticky-section-no e-con e-child\" data-id=\"b9223f8\" data-element_type=\"container\" data-e-type=\"container\">\n\t\t\t\t<div class=\"elementor-element elementor-element-972dca6 wpr-main-menu-align-center wpr-nav-menu-bp-tablet wpr-main-menu-align--laptopleft wpr-main-menu-align--tabletleft wpr-main-menu-align--mobileleft wpr-pointer-underline wpr-pointer-line-fx wpr-pointer-fx-fade wpr-sub-icon-caret-down wpr-sub-menu-fx-fade wpr-mobile-menu-full-width wpr-mobile-menu-item-align-center wpr-mobile-toggle-v1 wpr-sub-divider-yes wpr-mobile-divider-yes elementor-widget elementor-widget-wpr-nav-menu\" data-id=\"972dca6\" data-element_type=\"widget\" data-e-type=\"widget\" data-settings=\"{&quot;menu_layout&quot;:&quot;horizontal&quot;}\" data-widget_type=\"wpr-nav-menu.default\">\n\t\t\t\t<div class=\"elementor-widget-container\">\n\t\t\t\t\t<nav class=\"wpr-nav-menu-container wpr-nav-menu-horizontal\" data-trigger=\"hover\"><ul id=\"menu-1-972dca6\" class=\"wpr-nav-menu\"><li class=\"menu-item menu-item-type-post_type menu-item-object-page menu-item-home menu-item-1849\"><a href=\"https:\/\/anovatorturkiye.com\/en\/\" class=\"wpr-menu-item wpr-pointer-item\">Main Menu<\/a><\/li>\n<li class=\"menu-item menu-item-type-custom menu-item-object-custom menu-item-4500\"><a href=\"#cihazlarimiz\" class=\"wpr-menu-item wpr-pointer-item\">Products<\/a><\/li>\n<li class=\"menu-item menu-item-type-custom menu-item-object-custom menu-item-3156\"><a href=\"https:\/\/www.anovator.com\/admin\/\" class=\"wpr-menu-item wpr-pointer-item\">User Panel<\/a><\/li>\n<li class=\"menu-item menu-item-type-post_type menu-item-object-page menu-item-has-children menu-item-1850\"><a aria-haspopup=\"true\" aria-expanded=\"false\" href=\"https:\/\/anovatorturkiye.com\/en\/hakkimizda\/\" class=\"wpr-menu-item wpr-pointer-item\">About<i class=\"wpr-sub-icon fas\" aria-hidden=\"true\"><\/i><\/a>\n<ul class=\"sub-menu wpr-sub-menu\">\n\t<li class=\"menu-item menu-item-type-custom menu-item-object-custom menu-item-3158\"><a href=\"https:\/\/anovatorturkiye.com\/en\/hakkimizda\/\" class=\"wpr-sub-menu-item\">About<\/a><\/li>\n\t<li class=\"menu-item menu-item-type-post_type menu-item-object-page menu-item-4079\"><a href=\"https:\/\/anovatorturkiye.com\/en\/katalog\/\" class=\"wpr-sub-menu-item\">Katalog<\/a><\/li>\n\t<li class=\"menu-item menu-item-type-post_type menu-item-object-page menu-item-2248\"><a href=\"https:\/\/anovatorturkiye.com\/en\/sss\/\" class=\"wpr-sub-menu-item\">FAQ<\/a><\/li>\n<\/ul>\n<\/li>\n<li class=\"menu-item menu-item-type-post_type menu-item-object-page menu-item-4065\"><a href=\"https:\/\/anovatorturkiye.com\/en\/blog-2\/\" class=\"wpr-menu-item wpr-pointer-item\">Blog<\/a><\/li>\n<li class=\"menu-item menu-item-type-custom menu-item-object-custom menu-item-3689\"><a href=\"#iletisim-formu\" class=\"wpr-menu-item wpr-pointer-item\">Contact Us<\/a><\/li>\n<\/ul><\/nav><nav class=\"wpr-mobile-nav-menu-container\"><div class=\"wpr-mobile-toggle-wrap\"><div class=\"wpr-mobile-toggle\"><span class=\"wpr-mobile-toggle-line\"><\/span><span class=\"wpr-mobile-toggle-line\"><\/span><span class=\"wpr-mobile-toggle-line\"><\/span><\/div><\/div><ul id=\"mobile-menu-2-972dca6\" class=\"wpr-mobile-nav-menu\"><li class=\"menu-item menu-item-type-post_type menu-item-object-page menu-item-home menu-item-1849\"><a href=\"https:\/\/anovatorturkiye.com\/en\/\" class=\"wpr-mobile-menu-item\">Main Menu<\/a><\/li>\n<li class=\"menu-item menu-item-type-custom menu-item-object-custom menu-item-4500\"><a href=\"#cihazlarimiz\" class=\"wpr-mobile-menu-item\">Products<\/a><\/li>\n<li class=\"menu-item menu-item-type-custom menu-item-object-custom menu-item-3156\"><a href=\"https:\/\/www.anovator.com\/admin\/\" class=\"wpr-mobile-menu-item\">User Panel<\/a><\/li>\n<li class=\"menu-item menu-item-type-post_type menu-item-object-page menu-item-has-children menu-item-1850\"><a href=\"https:\/\/anovatorturkiye.com\/en\/hakkimizda\/\" class=\"wpr-mobile-menu-item\">About<\/a>\n<ul class=\"sub-menu wpr-sub-menu\">\n\t<li class=\"menu-item menu-item-type-custom menu-item-object-custom menu-item-3158\"><a href=\"https:\/\/anovatorturkiye.com\/en\/hakkimizda\/\" class=\"wpr-mobile-sub-menu-item\">About<\/a><\/li>\n\t<li class=\"menu-item menu-item-type-post_type menu-item-object-page menu-item-4079\"><a href=\"https:\/\/anovatorturkiye.com\/en\/katalog\/\" class=\"wpr-mobile-sub-menu-item\">Katalog<\/a><\/li>\n\t<li class=\"menu-item menu-item-type-post_type menu-item-object-page menu-item-2248\"><a href=\"https:\/\/anovatorturkiye.com\/en\/sss\/\" class=\"wpr-mobile-sub-menu-item\">FAQ<\/a><\/li>\n<\/ul>\n<\/li>\n<li class=\"menu-item menu-item-type-post_type menu-item-object-page menu-item-4065\"><a href=\"https:\/\/anovatorturkiye.com\/en\/blog-2\/\" class=\"wpr-mobile-menu-item\">Blog<\/a><\/li>\n<li class=\"menu-item menu-item-type-custom menu-item-object-custom menu-item-3689\"><a href=\"#iletisim-formu\" class=\"wpr-mobile-menu-item\">Contact Us<\/a><\/li>\n<\/ul><\/nav>\t\t\t\t<\/div>\n\t\t\t\t<\/div>\n\t\t\t\t<\/div>\n\t\t<div class=\"elementor-element elementor-element-d60403f e-con-full e-flex wpr-particle-no wpr-jarallax-no wpr-parallax-no wpr-sticky-section-no e-con e-child\" data-id=\"d60403f\" data-element_type=\"container\" data-e-type=\"container\">\n\t\t\t\t<div class=\"elementor-element elementor-element-692a485 elementor-widget elementor-widget-eael-creative-button\" data-id=\"692a485\" data-element_type=\"widget\" data-e-type=\"widget\" data-widget_type=\"eael-creative-button.default\">\n\t\t\t\t<div class=\"elementor-widget-container\">\n\t\t\t\t\t        <div class=\"eael-creative-button-wrapper\">\n\n            <a class=\"eael-creative-button eael-creative-button--ujarak\" href=\"https:\/\/wa.me\/905548912236\" data-text=\"\">\n            \t    \n                <div class=\"creative-button-inner\">\n\n                                            <span class=\"eael-creative-button-icon-left\"><svg aria-hidden=\"true\" class=\"e-font-icon-svg e-fas-phone-alt\" viewbox=\"0 0 512 512\" xmlns=\"http:\/\/www.w3.org\/2000\/svg\"><path d=\"M497.39 361.8l-112-48a24 24 0 0 0-28 6.9l-49.6 60.6A370.66 370.66 0 0 1 130.6 204.11l60.6-49.6a23.94 23.94 0 0 0 6.9-28l-48-112A24.16 24.16 0 0 0 122.6.61l-104 24A24 24 0 0 0 0 48c0 256.5 207.9 464 464 464a24 24 0 0 0 23.4-18.6l24-104a24.29 24.29 0 0 0-14.01-27.6z\"><\/path><\/svg><\/span>                    \n                    <span class=\"cretive-button-text\">Fiyat Teklifi Al\u0131n<\/span>\n\n                                    <\/div>\n\t                        <\/a>\n        <\/div>\n        \t\t\t\t<\/div>\n\t\t\t\t<\/div>\n\t\t\t\t<\/div>\n\t\t\t\t<\/div>\n\t\t<div class=\"elementor-element elementor-element-cccae0b e-flex e-con-boxed wpr-particle-no wpr-jarallax-no wpr-parallax-no wpr-sticky-section-no e-con e-parent\" data-id=\"cccae0b\" data-element_type=\"container\" data-e-type=\"container\" data-settings=\"{&quot;background_background&quot;:&quot;classic&quot;}\">\n\t\t\t\t\t<div class=\"e-con-inner\">\n\t\t<div class=\"elementor-element elementor-element-8dc1c6c e-con-full e-flex wpr-particle-no wpr-jarallax-no wpr-parallax-no wpr-sticky-section-no e-con e-child\" data-id=\"8dc1c6c\" data-element_type=\"container\" data-e-type=\"container\">\n\t\t\t\t<div class=\"elementor-element elementor-element-f75b21a elementor-invisible elementor-widget elementor-widget-heading\" data-id=\"f75b21a\" data-element_type=\"widget\" data-e-type=\"widget\" data-settings=\"{&quot;_animation&quot;:&quot;fadeInLeft&quot;}\" data-widget_type=\"heading.default\">\n\t\t\t\t<div class=\"elementor-widget-container\">\n\t\t\t\t\t<h2 class=\"elementor-heading-title elementor-size-default\">Bizimle \u0130leti\u015fime Ge\u00e7in<\/h2>\t\t\t\t<\/div>\n\t\t\t\t<\/div>\n\t\t\t\t<div class=\"elementor-element elementor-element-438dfa3 elementor-widget elementor-widget-heading\" data-id=\"438dfa3\" data-element_type=\"widget\" data-e-type=\"widget\" data-widget_type=\"heading.default\">\n\t\t\t\t<div class=\"elementor-widget-container\">\n\t\t\t\t\t<h3 class=\"elementor-heading-title elementor-size-default\">Hakk\u0131m\u0131zda daha fazla bilgi almak isterseniz, a\u015fa\u011f\u0131daki ileti\u015fim kanallar\u0131m\u0131z \u00fczerinden bizimle diledi\u011finiz zaman ileti\u015fime ge\u00e7ebilirsiniz. Size en iyi \u015fekilde yard\u0131mc\u0131 olmaktan memnuniyet duyar\u0131z.<\/h3>\t\t\t\t<\/div>\n\t\t\t\t<\/div>\n\t\t\t\t<div class=\"elementor-element elementor-element-39a4a23 elementor-widget elementor-widget-image\" data-id=\"39a4a23\" data-element_type=\"widget\" data-e-type=\"widget\" data-widget_type=\"image.default\">\n\t\t\t\t<div class=\"elementor-widget-container\">\n\t\t\t\t\t\t\t\t\t\t\t\t\t\t\t<img fetchpriority=\"high\" decoding=\"async\" width=\"450\" height=\"450\" src=\"https:\/\/anovatorturkiye.com\/wp-content\/uploads\/2024\/10\/anovator-png-psd-e1728136412225.png\" class=\"attachment-large size-large wp-image-18\" alt=\"\" \/>\t\t\t\t\t\t\t\t\t\t\t\t\t\t\t<\/div>\n\t\t\t\t<\/div>\n\t\t\t\t<div class=\"elementor-element elementor-element-bfde5a0 elementor-icon-list--layout-traditional elementor-list-item-link-full_width elementor-widget elementor-widget-icon-list\" data-id=\"bfde5a0\" data-element_type=\"widget\" data-e-type=\"widget\" data-widget_type=\"icon-list.default\">\n\t\t\t\t<div class=\"elementor-widget-container\">\n\t\t\t\t\t\t\t<ul class=\"elementor-icon-list-items\">\n\t\t\t\t\t\t\t<li class=\"elementor-icon-list-item\">\n\t\t\t\t\t\t\t\t\t\t\t<a href=\"tel:+905558922236\">\n\n\t\t\t\t\t\t\t\t\t\t\t\t<span class=\"elementor-icon-list-icon\">\n\t\t\t\t\t\t\t<svg aria-hidden=\"true\" class=\"e-font-icon-svg e-fas-phone-alt\" viewbox=\"0 0 512 512\" xmlns=\"http:\/\/www.w3.org\/2000\/svg\"><path d=\"M497.39 361.8l-112-48a24 24 0 0 0-28 6.9l-49.6 60.6A370.66 370.66 0 0 1 130.6 204.11l60.6-49.6a23.94 23.94 0 0 0 6.9-28l-48-112A24.16 24.16 0 0 0 122.6.61l-104 24A24 24 0 0 0 0 48c0 256.5 207.9 464 464 464a24 24 0 0 0 23.4-18.6l24-104a24.29 24.29 0 0 0-14.01-27.6z\"><\/path><\/svg>\t\t\t\t\t\t<\/span>\n\t\t\t\t\t\t\t\t\t\t<span class=\"elementor-icon-list-text\">Telefon: 0 555 892 22 36<\/span>\n\t\t\t\t\t\t\t\t\t\t\t<\/a>\n\t\t\t\t\t\t\t\t\t<\/li>\n\t\t\t\t\t\t\t\t<li class=\"elementor-icon-list-item\">\n\t\t\t\t\t\t\t\t\t\t\t<a href=\"mailto:info@anovatorturkiye.com\">\n\n\t\t\t\t\t\t\t\t\t\t\t\t<span class=\"elementor-icon-list-icon\">\n\t\t\t\t\t\t\t<i aria-hidden=\"true\" class=\"icon icon-mail\"><\/i>\t\t\t\t\t\t<\/span>\n\t\t\t\t\t\t\t\t\t\t<span class=\"elementor-icon-list-text\">E-mail: info@anovatorturkiye.com<\/span>\n\t\t\t\t\t\t\t\t\t\t\t<\/a>\n\t\t\t\t\t\t\t\t\t<\/li>\n\t\t\t\t\t\t\t\t<li class=\"elementor-icon-list-item\">\n\t\t\t\t\t\t\t\t\t\t\t<a href=\"https:\/\/maps.app.goo.gl\/B7GYBkXvteWYBFnu6\">\n\n\t\t\t\t\t\t\t\t\t\t\t\t<span class=\"elementor-icon-list-icon\">\n\t\t\t\t\t\t\t<svg aria-hidden=\"true\" class=\"e-font-icon-svg e-fas-location-arrow\" viewbox=\"0 0 512 512\" xmlns=\"http:\/\/www.w3.org\/2000\/svg\"><path d=\"M444.52 3.52L28.74 195.42c-47.97 22.39-31.98 92.75 19.19 92.75h175.91v175.91c0 51.17 70.36 67.17 92.75 19.19l191.9-415.78c15.99-38.39-25.59-79.97-63.97-63.97z\"><\/path><\/svg>\t\t\t\t\t\t<\/span>\n\t\t\t\t\t\t\t\t\t\t<span class=\"elementor-icon-list-text\">Merkez Ofisimiz<\/span>\n\t\t\t\t\t\t\t\t\t\t\t<\/a>\n\t\t\t\t\t\t\t\t\t<\/li>\n\t\t\t\t\t\t<\/ul>\n\t\t\t\t\t\t<\/div>\n\t\t\t\t<\/div>\n\t\t\t\t<\/div>\n\t\t<div class=\"elementor-element elementor-element-2c89a2c e-con-full e-flex wpr-particle-no wpr-jarallax-no wpr-parallax-no wpr-sticky-section-no e-con e-child\" data-id=\"2c89a2c\" data-element_type=\"container\" data-e-type=\"container\">\n\t\t\t\t<div class=\"elementor-element elementor-element-71c7d73 ekit_wpForms_container-form-button-custom elementor-widget elementor-widget-elementskit-wp-forms\" data-id=\"71c7d73\" data-element_type=\"widget\" data-e-type=\"widget\" data-widget_type=\"elementskit-wp-forms.default\">\n\t\t\t\t<div class=\"elementor-widget-container\">\n\t\t\t\t\t<div class=\"ekit-wid-con ekit_wpForms_container\"><div class=\"wpforms-container\" id=\"wpforms-2468\"><form id=\"wpforms-form-2468\" class=\"wpforms-validate wpforms-form wpforms-ajax-form\" data-formid=\"2468\" method=\"post\" enctype=\"multipart\/form-data\" action=\"\/en\/iletisim\/\" data-token=\"f72a5d665c949f0ee91ad461e2006755\" data-token-time=\"1777203765\" data-trp-original-action=\"\/en\/iletisim\/\"><noscript class=\"wpforms-error-noscript\" data-no-translation=\"\" data-trp-gettext=\"\">Please enable JavaScript in your browser to complete this form.<\/noscript><div class=\"wpforms-field-container\"><div id=\"wpforms-2468-field_1-container\" class=\"wpforms-field wpforms-field-name\" data-field-id=\"1\"><label class=\"wpforms-field-label\" for=\"wpforms-2468-field_1\">Name and Surname <span class=\"wpforms-required-label\">*<\/span><\/label><input type=\"text\" id=\"wpforms-2468-field_1\" class=\"wpforms-field-medium wpforms-field-required\" name=\"wpforms[fields][1]\" required><\/div><div id=\"wpforms-2468-field_3-container\" class=\"wpforms-field wpforms-field-email\" data-field-id=\"3\"><label class=\"wpforms-field-label\" for=\"wpforms-2468-field_3\">E-mail <span class=\"wpforms-required-label\">*<\/span><\/label><input type=\"email\" id=\"wpforms-2468-field_3\" class=\"wpforms-field-medium wpforms-field-required\" name=\"wpforms[fields][3]\" spellcheck=\"false\" required><\/div><div id=\"wpforms-2468-field_4-container\" class=\"wpforms-field wpforms-field-number\" data-field-id=\"4\"><label class=\"wpforms-field-label\" for=\"wpforms-2468-field_4\">Phone <span class=\"wpforms-required-label\">*<\/span><\/label><input type=\"number\" id=\"wpforms-2468-field_4\" class=\"wpforms-field-medium wpforms-field-required\" name=\"wpforms[fields][4]\" step=\"any\" required><\/div><div id=\"wpforms-2468-field_6-container\" class=\"wpforms-field wpforms-field-textarea\" data-field-id=\"6\"><label class=\"wpforms-field-label\" for=\"wpforms-2468-field_6\">Message <span class=\"wpforms-required-label\">*<\/span><\/label><textarea id=\"wpforms-2468-field_6\" class=\"wpforms-field-medium wpforms-field-required\" name=\"wpforms[fields][6]\" required><\/textarea><\/div>\t\t<div id=\"wpforms-2468-field_2-container\"\n\t\t\tclass=\"wpforms-field wpforms-field-text\"\n\t\t\tdata-field-type=\"text\"\n\t\t\tdata-field-id=\"2\"\n\t\t\t>\n\t\t\t<label class=\"wpforms-field-label\" for=\"wpforms-2468-field_2\" >E-mail Ad\u0131n\u0131z Soyad\u0131n\u0131z<\/label>\n\t\t\t<input type=\"text\" id=\"wpforms-2468-field_2\" class=\"wpforms-field-medium\" name=\"wpforms[fields][2]\" >\n\t\t<\/div>\n\t\t<div id=\"wpforms-2468-field_7-container\" class=\"wpforms-field wpforms-field-checkbox\" data-field-id=\"7\"><ul id=\"wpforms-2468-field_7\" class=\"wpforms-field-required\"><li class=\"choice-1 depth-1\"><input type=\"checkbox\" id=\"wpforms-2468-field_7_1\" name=\"wpforms[fields][7][]\" value=\"Ki\u015fisel verilerimin SMS, telefon ve e-posta yoluyla ticari elektronik ileti g\u00f6nderilmesi amac\u0131yla i\u015flenmesine ait &lt;a href=&quot;https:\/\/anovatorturkiye.com\/acik-riza-metni\/&quot; target=&quot;_blank&quot;&gt;a\u00e7\u0131k r\u0131za metnini&lt;\/a&gt; okudum, onayl\u0131yorum.\" required><label class=\"wpforms-field-label-inline\" for=\"wpforms-2468-field_7_1\">Regarding the processing of my personal data for the purpose of sending commercial electronic messages via SMS, telephone and e-mail <a href=\"https:\/\/anovatorturkiye.com\/en\/acik-riza-metni\/\" target=\"_blank\">express consent text<\/a> I have read and approve.<\/label><\/li><li class=\"choice-2 depth-1\"><input type=\"checkbox\" id=\"wpforms-2468-field_7_2\" name=\"wpforms[fields][7][]\" value=\"&lt;a target=&quot;_blank&quot; href=&quot;https:\/\/anovatorturkiye.com\/gizlilik-politikasi\/&quot;&gt;Ayd\u0131nlatma metnini&lt;\/a&gt; okudum, kabul ediyorum.\" required><label class=\"wpforms-field-label-inline\" for=\"wpforms-2468-field_7_2\"><a target=\"_blank\" href=\"https:\/\/anovatorturkiye.com\/en\/gizlilik-politikasi\/\">Information text<\/a> I read it, I accept it.<\/label><\/li><\/ul><\/div><script>\n\t\t\t\t( function() {\n\t\t\t\t\tconst style = document.createElement( 'style' );\n\t\t\t\t\tstyle.appendChild( document.createTextNode( '#wpforms-2468-field_2-container { position: absolute !important; overflow: hidden !important; display: inline !important; height: 1px !important; width: 1px !important; z-index: -1000 !important; padding: 0 !important; } #wpforms-2468-field_2-container input { visibility: hidden; } #wpforms-conversational-form-page #wpforms-2468-field_2-container label { counter-increment: none; }' ) );\n\t\t\t\t\tdocument.head.appendChild( style );\n\t\t\t\t\tdocument.currentScript?.remove();\n\t\t\t\t} )();\n\t\t\t<\/script><\/div><!-- .wpforms-field-container --><div class=\"wpforms-submit-container\" ><input type=\"hidden\" name=\"wpforms[id]\" value=\"2468\"><input type=\"hidden\" name=\"page_title\" value=\"\u0130leti\u015fim\"><input type=\"hidden\" name=\"page_url\" value=\"https:\/\/anovatorturkiye.com\/en\/iletisim\/\"><input type=\"hidden\" name=\"url_referer\" value=\"\"><input type=\"hidden\" name=\"page_id\" value=\"1835\"><input type=\"hidden\" name=\"wpforms[post_id]\" value=\"1835\"><button type=\"submit\" name=\"wpforms[submit]\" id=\"wpforms-submit-2468\" class=\"wpforms-submit\" data-alt-text=\"G\u00f6nderiliyor...\" data-submit-text=\"G\u00f6nder\" aria-live=\"assertive\" value=\"wpforms-submit\">Submit<\/button><img decoding=\"async\" src=\"https:\/\/anovatorturkiye.com\/wp-content\/plugins\/wpforms-lite\/assets\/images\/submit-spin.svg\" class=\"wpforms-submit-spinner\" style=\"display: none;\" width=\"26\" height=\"26\" alt=\"Loading\" data-no-translation-alt=\"\"><\/div><input type=\"hidden\" name=\"trp-form-language\" value=\"en\"\/><\/form><\/div>  <!-- .wpforms-container --><\/div>\t\t\t\t<\/div>\n\t\t\t\t<\/div>\n\t\t\t\t<\/div>\n\t\t\t\t\t<\/div>\n\t\t\t\t<\/div>\n\t\t\t\t<\/div>","protected":false},"excerpt":{"rendered":"<p>Ana Men\u00fc Cihazlar\u0131m\u0131z Kullan\u0131c\u0131 Paneli Hakk\u0131m\u0131zda Hakk\u0131m\u0131zda Katalog SSS Blog \u0130leti\u015fim Ana Men\u00fc Cihazlar\u0131m\u0131z Kullan\u0131c\u0131 Paneli Hakk\u0131m\u0131zda Hakk\u0131m\u0131zda Katalog SSS Blog \u0130leti\u015fim Fiyat Teklifi Al\u0131n Bizimle \u0130leti\u015fime Ge\u00e7in Hakk\u0131m\u0131zda daha fazla bilgi almak isterseniz, a\u015fa\u011f\u0131daki ileti\u015fim kanallar\u0131m\u0131z \u00fczerinden bizimle diledi\u011finiz zaman ileti\u015fime ge\u00e7ebilirsiniz. Size en iyi \u015fekilde yard\u0131mc\u0131 olmaktan memnuniyet duyar\u0131z. Telefon: 0 555 892 22 36 E-mail: info@anovatorturkiye.com Merkez Ofisimiz Please enable JavaScript in your browser to complete this form.Ad\u0131n\u0131z ve Soyad\u0131n\u0131z *E-mail *Telefon *Mesaj\u0131n\u0131z * Ki\u015fisel verilerimin SMS, telefon ve e-posta yoluyla ticari elektronik ileti g\u00f6nderilmesi amac\u0131yla i\u015flenmesine ait a\u00e7\u0131k r\u0131za metnini okudum, onayl\u0131yorum. Ayd\u0131nlatma metnini okudum, kabul ediyorum. G\u00f6nder<\/p>","protected":false},"author":1,"featured_media":0,"parent":0,"menu_order":0,"comment_status":"closed","ping_status":"closed","template":"elementor_canvas","meta":{"footnotes":""},"class_list":["post-1835","page","type-page","status-publish","hentry"],"blocksy_meta":[],"rttpg_featured_image_url":null,"rttpg_author":{"display_name":"AnovatorTurkiye","author_link":"https:\/\/anovatorturkiye.com\/en\/author\/u1961862\/"},"rttpg_comment":0,"rttpg_category":null,"rttpg_excerpt":"Ana Men\u00fc Cihazlar\u0131m\u0131z Kullan\u0131c\u0131 Paneli Hakk\u0131m\u0131zda Hakk\u0131m\u0131zda Katalog SSS Blog \u0130leti\u015fim Ana Men\u00fc Cihazlar\u0131m\u0131z Kullan\u0131c\u0131 Paneli Hakk\u0131m\u0131zda Hakk\u0131m\u0131zda Katalog SSS Blog \u0130leti\u015fim Fiyat Teklifi Al\u0131n Bizimle \u0130leti\u015fime Ge\u00e7in Hakk\u0131m\u0131zda daha fazla bilgi almak isterseniz, a\u015fa\u011f\u0131daki ileti\u015fim kanallar\u0131m\u0131z \u00fczerinden bizimle diledi\u011finiz zaman ileti\u015fime ge\u00e7ebilirsiniz. Size en iyi \u015fekilde yard\u0131mc\u0131 olmaktan memnuniyet duyar\u0131z. Telefon: 0 555 892&hellip;","_links":{"self":[{"href":"https:\/\/anovatorturkiye.com\/en\/wp-json\/wp\/v2\/pages\/1835","targetHints":{"allow":["GET"]}}],"collection":[{"href":"https:\/\/anovatorturkiye.com\/en\/wp-json\/wp\/v2\/pages"}],"about":[{"href":"https:\/\/anovatorturkiye.com\/en\/wp-json\/wp\/v2\/types\/page"}],"author":[{"embeddable":true,"href":"https:\/\/anovatorturkiye.com\/en\/wp-json\/wp\/v2\/users\/1"}],"replies":[{"embeddable":true,"href":"https:\/\/anovatorturkiye.com\/en\/wp-json\/wp\/v2\/comments?post=1835"}],"version-history":[{"count":58,"href":"https:\/\/anovatorturkiye.com\/en\/wp-json\/wp\/v2\/pages\/1835\/revisions"}],"predecessor-version":[{"id":4633,"href":"https:\/\/anovatorturkiye.com\/en\/wp-json\/wp\/v2\/pages\/1835\/revisions\/4633"}],"wp:attachment":[{"href":"https:\/\/anovatorturkiye.com\/en\/wp-json\/wp\/v2\/media?parent=1835"}],"curies":[{"name":"wp","href":"https:\/\/api.w.org\/{rel}","templated":true}]}}