{"id":1834,"date":"2024-10-10T14:05:45","date_gmt":"2024-10-10T11:05:45","guid":{"rendered":"http:\/\/anovatorturkiye.com\/?page_id=1834"},"modified":"2025-09-12T15:23:09","modified_gmt":"2025-09-12T12:23:09","slug":"hakkimizda","status":"publish","type":"page","link":"https:\/\/anovatorturkiye.com\/en\/hakkimizda\/","title":{"rendered":"About"},"content":{"rendered":"<div data-elementor-type=\"wp-page\" data-elementor-id=\"1834\" class=\"elementor elementor-1834\">\n\t\t\t\t<div class=\"elementor-element elementor-element-f12455a e-con-full e-flex wpr-particle-no wpr-jarallax-no wpr-parallax-no wpr-sticky-section-no e-con e-child\" data-id=\"f12455a\" data-element_type=\"container\" data-e-type=\"container\" data-settings=\"{&quot;background_background&quot;:&quot;classic&quot;}\">\n\t\t<div class=\"elementor-element elementor-element-b5dc96b e-con-full e-flex wpr-particle-no wpr-jarallax-no wpr-parallax-no wpr-sticky-section-no e-con e-child\" data-id=\"b5dc96b\" data-element_type=\"container\" data-e-type=\"container\">\n\t\t\t\t<div class=\"elementor-element elementor-element-245e7ec elementor-widget__width-auto elementor-widget elementor-widget-image\" data-id=\"245e7ec\" data-element_type=\"widget\" data-e-type=\"widget\" data-widget_type=\"image.default\">\n\t\t\t\t<div class=\"elementor-widget-container\">\n\t\t\t\t\t\t\t\t\t\t\t\t\t\t\t<img decoding=\"async\" width=\"300\" height=\"60\" src=\"https:\/\/anovatorturkiye.com\/wp-content\/uploads\/2025\/09\/opt-logo-300x60.png\" class=\"attachment-medium size-medium wp-image-4587\" alt=\"\" srcset=\"https:\/\/anovatorturkiye.com\/wp-content\/uploads\/2025\/09\/opt-logo-300x60.png 300w, https:\/\/anovatorturkiye.com\/wp-content\/uploads\/2025\/09\/opt-logo-1024x206.png 1024w, https:\/\/anovatorturkiye.com\/wp-content\/uploads\/2025\/09\/opt-logo-768x155.png 768w, https:\/\/anovatorturkiye.com\/wp-content\/uploads\/2025\/09\/opt-logo-1536x309.png 1536w, https:\/\/anovatorturkiye.com\/wp-content\/uploads\/2025\/09\/opt-logo-2048x412.png 2048w, https:\/\/anovatorturkiye.com\/wp-content\/uploads\/2025\/09\/opt-logo-18x4.png 18w\" sizes=\"(max-width: 300px) 100vw, 300px\" \/>\t\t\t\t\t\t\t\t\t\t\t\t\t\t\t<\/div>\n\t\t\t\t<\/div>\n\t\t\t\t<\/div>\n\t\t<div class=\"elementor-element elementor-element-8ad7043 e-con-full e-flex wpr-particle-no wpr-jarallax-no wpr-parallax-no wpr-sticky-section-no e-con e-child\" data-id=\"8ad7043\" data-element_type=\"container\" data-e-type=\"container\">\n\t\t\t\t<div class=\"elementor-element elementor-element-9ff3126 wpr-main-menu-align-center wpr-nav-menu-bp-tablet wpr-main-menu-align--laptopleft wpr-main-menu-align--tabletleft wpr-main-menu-align--mobileleft wpr-pointer-underline wpr-pointer-line-fx wpr-pointer-fx-fade wpr-sub-icon-caret-down wpr-sub-menu-fx-fade wpr-mobile-menu-full-width wpr-mobile-menu-item-align-center wpr-mobile-toggle-v1 wpr-sub-divider-yes wpr-mobile-divider-yes elementor-widget elementor-widget-wpr-nav-menu\" data-id=\"9ff3126\" data-element_type=\"widget\" data-e-type=\"widget\" data-settings=\"{&quot;menu_layout&quot;:&quot;horizontal&quot;}\" data-widget_type=\"wpr-nav-menu.default\">\n\t\t\t\t<div class=\"elementor-widget-container\">\n\t\t\t\t\t<nav class=\"wpr-nav-menu-container wpr-nav-menu-horizontal\" data-trigger=\"hover\"><ul id=\"menu-1-9ff3126\" class=\"wpr-nav-menu\"><li class=\"menu-item menu-item-type-post_type menu-item-object-page menu-item-home menu-item-1849\"><a href=\"https:\/\/anovatorturkiye.com\/en\/\" class=\"wpr-menu-item wpr-pointer-item\">Main Menu<\/a><\/li>\n<li class=\"menu-item menu-item-type-custom menu-item-object-custom menu-item-4500\"><a href=\"#cihazlarimiz\" class=\"wpr-menu-item wpr-pointer-item\">Products<\/a><\/li>\n<li class=\"menu-item menu-item-type-custom menu-item-object-custom menu-item-3156\"><a href=\"https:\/\/www.anovator.com\/admin\/\" class=\"wpr-menu-item wpr-pointer-item\">User Panel<\/a><\/li>\n<li class=\"menu-item menu-item-type-post_type menu-item-object-page menu-item-has-children menu-item-1850\"><a aria-haspopup=\"true\" aria-expanded=\"false\" href=\"https:\/\/anovatorturkiye.com\/en\/hakkimizda\/\" class=\"wpr-menu-item wpr-pointer-item\">About<i class=\"wpr-sub-icon fas\" aria-hidden=\"true\"><\/i><\/a>\n<ul class=\"sub-menu wpr-sub-menu\">\n\t<li class=\"menu-item menu-item-type-custom menu-item-object-custom menu-item-3158\"><a href=\"https:\/\/anovatorturkiye.com\/en\/hakkimizda\/\" class=\"wpr-sub-menu-item\">About<\/a><\/li>\n\t<li class=\"menu-item menu-item-type-post_type menu-item-object-page menu-item-4079\"><a href=\"https:\/\/anovatorturkiye.com\/en\/katalog\/\" class=\"wpr-sub-menu-item\">Katalog<\/a><\/li>\n\t<li class=\"menu-item menu-item-type-post_type menu-item-object-page menu-item-2248\"><a href=\"https:\/\/anovatorturkiye.com\/en\/sss\/\" class=\"wpr-sub-menu-item\">FAQ<\/a><\/li>\n<\/ul>\n<\/li>\n<li class=\"menu-item menu-item-type-post_type menu-item-object-page menu-item-4065\"><a href=\"https:\/\/anovatorturkiye.com\/en\/blog-2\/\" class=\"wpr-menu-item wpr-pointer-item\">Blog<\/a><\/li>\n<li class=\"menu-item menu-item-type-custom menu-item-object-custom menu-item-3689\"><a href=\"#iletisim-formu\" class=\"wpr-menu-item wpr-pointer-item\">Contact Us<\/a><\/li>\n<\/ul><\/nav><nav class=\"wpr-mobile-nav-menu-container\"><div class=\"wpr-mobile-toggle-wrap\"><div class=\"wpr-mobile-toggle\"><span class=\"wpr-mobile-toggle-line\"><\/span><span class=\"wpr-mobile-toggle-line\"><\/span><span class=\"wpr-mobile-toggle-line\"><\/span><\/div><\/div><ul id=\"mobile-menu-2-9ff3126\" class=\"wpr-mobile-nav-menu\"><li class=\"menu-item menu-item-type-post_type menu-item-object-page menu-item-home menu-item-1849\"><a href=\"https:\/\/anovatorturkiye.com\/en\/\" class=\"wpr-mobile-menu-item\">Main Menu<\/a><\/li>\n<li class=\"menu-item menu-item-type-custom menu-item-object-custom menu-item-4500\"><a href=\"#cihazlarimiz\" class=\"wpr-mobile-menu-item\">Products<\/a><\/li>\n<li class=\"menu-item menu-item-type-custom menu-item-object-custom menu-item-3156\"><a href=\"https:\/\/www.anovator.com\/admin\/\" class=\"wpr-mobile-menu-item\">User Panel<\/a><\/li>\n<li class=\"menu-item menu-item-type-post_type menu-item-object-page menu-item-has-children menu-item-1850\"><a href=\"https:\/\/anovatorturkiye.com\/en\/hakkimizda\/\" class=\"wpr-mobile-menu-item\">About<\/a>\n<ul class=\"sub-menu wpr-sub-menu\">\n\t<li class=\"menu-item menu-item-type-custom menu-item-object-custom menu-item-3158\"><a href=\"https:\/\/anovatorturkiye.com\/en\/hakkimizda\/\" class=\"wpr-mobile-sub-menu-item\">About<\/a><\/li>\n\t<li class=\"menu-item menu-item-type-post_type menu-item-object-page menu-item-4079\"><a href=\"https:\/\/anovatorturkiye.com\/en\/katalog\/\" class=\"wpr-mobile-sub-menu-item\">Katalog<\/a><\/li>\n\t<li class=\"menu-item menu-item-type-post_type menu-item-object-page menu-item-2248\"><a href=\"https:\/\/anovatorturkiye.com\/en\/sss\/\" class=\"wpr-mobile-sub-menu-item\">FAQ<\/a><\/li>\n<\/ul>\n<\/li>\n<li class=\"menu-item menu-item-type-post_type menu-item-object-page menu-item-4065\"><a href=\"https:\/\/anovatorturkiye.com\/en\/blog-2\/\" class=\"wpr-mobile-menu-item\">Blog<\/a><\/li>\n<li class=\"menu-item menu-item-type-custom menu-item-object-custom menu-item-3689\"><a href=\"#iletisim-formu\" class=\"wpr-mobile-menu-item\">Contact Us<\/a><\/li>\n<\/ul><\/nav>\t\t\t\t<\/div>\n\t\t\t\t<\/div>\n\t\t\t\t<\/div>\n\t\t<div class=\"elementor-element elementor-element-c8cf9db e-con-full e-flex wpr-particle-no wpr-jarallax-no wpr-parallax-no wpr-sticky-section-no e-con e-child\" data-id=\"c8cf9db\" data-element_type=\"container\" data-e-type=\"container\">\n\t\t\t\t<div class=\"elementor-element elementor-element-4ad1743 elementor-widget elementor-widget-eael-creative-button\" data-id=\"4ad1743\" data-element_type=\"widget\" data-e-type=\"widget\" data-widget_type=\"eael-creative-button.default\">\n\t\t\t\t<div class=\"elementor-widget-container\">\n\t\t\t\t\t        <div class=\"eael-creative-button-wrapper\">\n\n            <a class=\"eael-creative-button eael-creative-button--ujarak\" href=\"https:\/\/wa.me\/905548912236\" data-text=\"\">\n            \t    \n                <div class=\"creative-button-inner\">\n\n                                            <span class=\"eael-creative-button-icon-left\"><svg aria-hidden=\"true\" class=\"e-font-icon-svg e-fas-phone-alt\" viewbox=\"0 0 512 512\" xmlns=\"http:\/\/www.w3.org\/2000\/svg\"><path d=\"M497.39 361.8l-112-48a24 24 0 0 0-28 6.9l-49.6 60.6A370.66 370.66 0 0 1 130.6 204.11l60.6-49.6a23.94 23.94 0 0 0 6.9-28l-48-112A24.16 24.16 0 0 0 122.6.61l-104 24A24 24 0 0 0 0 48c0 256.5 207.9 464 464 464a24 24 0 0 0 23.4-18.6l24-104a24.29 24.29 0 0 0-14.01-27.6z\"><\/path><\/svg><\/span>                    \n                    <span class=\"cretive-button-text\">Fiyat Teklifi Al\u0131n<\/span>\n\n                                    <\/div>\n\t                        <\/a>\n        <\/div>\n        \t\t\t\t<\/div>\n\t\t\t\t<\/div>\n\t\t\t\t<\/div>\n\t\t\t\t<\/div>\n\t\t<div class=\"elementor-element elementor-element-652fda3 e-flex e-con-boxed wpr-particle-no wpr-jarallax-no wpr-parallax-no wpr-sticky-section-no e-con e-parent\" data-id=\"652fda3\" data-element_type=\"container\" data-e-type=\"container\" data-settings=\"{&quot;background_background&quot;:&quot;classic&quot;}\">\n\t\t\t\t\t<div class=\"e-con-inner\">\n\t\t\t\t<div class=\"elementor-element elementor-element-04a677f elementor-widget elementor-widget-heading\" data-id=\"04a677f\" data-element_type=\"widget\" data-e-type=\"widget\" data-widget_type=\"heading.default\">\n\t\t\t\t<div class=\"elementor-widget-container\">\n\t\t\t\t\t<h2 class=\"elementor-heading-title elementor-size-default\">About<\/h2>\t\t\t\t<\/div>\n\t\t\t\t<\/div>\n\t\t\t\t\t<\/div>\n\t\t\t\t<\/div>\n\t\t<div class=\"elementor-element elementor-element-8fa03b3 e-flex e-con-boxed wpr-particle-no wpr-jarallax-no wpr-parallax-no wpr-sticky-section-no e-con e-parent\" data-id=\"8fa03b3\" data-element_type=\"container\" data-e-type=\"container\" data-settings=\"{&quot;background_background&quot;:&quot;classic&quot;}\">\n\t\t\t\t\t<div class=\"e-con-inner\">\n\t\t\t\t<div class=\"elementor-element elementor-element-3a91679 elementor-widget elementor-widget-text-editor\" data-id=\"3a91679\" data-element_type=\"widget\" data-e-type=\"widget\" data-widget_type=\"text-editor.default\">\n\t\t\t\t<div class=\"elementor-widget-container\">\n\t\t\t\t\t\t\t\t\t<p class=\"\" data-start=\"281\" data-end=\"1011\"><strong data-start=\"281\" data-end=\"293\">Anovator<\/strong>, 2013 y\u0131l\u0131nda kurulmu\u015f, insan v\u00fccudu verilerinin de\u011ferlendirilmesine odaklanan inovatif bir teknoloji \u015firketidir. Yapay zeka (AI) ve Nesnelerin \u0130nterneti (IoT) teknolojileri ile donat\u0131lm\u0131\u015f \u00fcr\u00fcnleri sayesinde v\u00fccut kompozisyonu, tansiyon, kan oksijen seviyesi, kalp h\u0131z\u0131, akci\u011fer kapasitesi, denge, \u00e7eviklik, g\u00f6rme, post\u00fcr analizi gibi pek \u00e7ok sa\u011fl\u0131k verisini g\u00fcvenilir bi\u00e7imde analiz eder. Anovator sistemleri, otomatik veri toplama altyap\u0131s\u0131yla detayl\u0131 ve bilimsel sa\u011fl\u0131k raporlar\u0131 sunar; API deste\u011fi ile entegre \u00e7\u00f6z\u00fcmler sa\u011flar. Cihazlar\u0131 bug\u00fcn Amerika, Kanada, \u0130spanya ve Singapur ba\u015fta olmak \u00fczere 10&#8217;dan fazla \u00fclkede spor salonlar\u0131, sa\u011fl\u0131k merkezleri ve \u00e7ocuk geli\u015fim merkezlerinde aktif olarak kullan\u0131lmaktad\u0131r.<\/p><p class=\"\" data-start=\"1013\" data-end=\"1492\"><strong data-start=\"1013\" data-end=\"1034\">Sa\u011fl\u0131k End\u00fcstrisi<\/strong>, Anovator\u2019un T\u00fcrkiye\u2019deki tek yetkili distrib\u00fct\u00f6r\u00fcd\u00fcr. Ayn\u0131 zamanda T\u00fcrkiye\u2019de sa\u011fl\u0131k, spor ve beslenme alanlar\u0131nda \u00e7al\u0131\u015fan profesyonellere uluslararas\u0131 standartlarda e\u011fitimler sunan akredite bir kurumdur. 10 y\u0131l\u0131 a\u015fk\u0131n s\u00fcredir, diyetisyenler ve spor e\u011fitmenlerinin kariyer geli\u015fimlerine katk\u0131da bulunan Sa\u011fl\u0131k End\u00fcstrisi; 70\u2019i a\u015fk\u0131n yerli ve yabanc\u0131 e\u011fitmen kadrosuyla her y\u0131l 2000\u2019e yak\u0131n diyetisyen ve 3000\u2019e yak\u0131n spor profesyoneline e\u011fitim vermektedir.\u00a0<\/p>\t\t\t\t\t\t\t\t<\/div>\n\t\t\t\t<\/div>\n\t\t\t\t\t<\/div>\n\t\t\t\t<\/div>\n\t\t\t\t<\/div>","protected":false},"excerpt":{"rendered":"<p>Ana Men\u00fc Cihazlar\u0131m\u0131z Kullan\u0131c\u0131 Paneli Hakk\u0131m\u0131zda Hakk\u0131m\u0131zda Katalog SSS Blog \u0130leti\u015fim Ana Men\u00fc Cihazlar\u0131m\u0131z Kullan\u0131c\u0131 Paneli Hakk\u0131m\u0131zda Hakk\u0131m\u0131zda Katalog SSS Blog \u0130leti\u015fim Fiyat Teklifi Al\u0131n Hakk\u0131m\u0131zda Anovator, 2013 y\u0131l\u0131nda kurulmu\u015f, insan v\u00fccudu verilerinin de\u011ferlendirilmesine odaklanan inovatif bir teknoloji \u015firketidir. Yapay zeka (AI) ve Nesnelerin \u0130nterneti (IoT) teknolojileri ile donat\u0131lm\u0131\u015f \u00fcr\u00fcnleri sayesinde v\u00fccut kompozisyonu, tansiyon, kan oksijen seviyesi, kalp h\u0131z\u0131, akci\u011fer kapasitesi, denge, \u00e7eviklik, g\u00f6rme, post\u00fcr analizi gibi pek \u00e7ok sa\u011fl\u0131k verisini g\u00fcvenilir bi\u00e7imde analiz eder. Anovator sistemleri, otomatik veri toplama altyap\u0131s\u0131yla detayl\u0131 ve bilimsel sa\u011fl\u0131k raporlar\u0131 sunar; API deste\u011fi ile entegre \u00e7\u00f6z\u00fcmler sa\u011flar. Cihazlar\u0131 bug\u00fcn Amerika, Kanada, \u0130spanya ve Singapur ba\u015fta olmak \u00fczere 10&#8217;dan fazla \u00fclkede spor salonlar\u0131, sa\u011fl\u0131k merkezleri ve \u00e7ocuk geli\u015fim merkezlerinde aktif olarak kullan\u0131lmaktad\u0131r. Sa\u011fl\u0131k End\u00fcstrisi, Anovator\u2019un T\u00fcrkiye\u2019deki tek yetkili distrib\u00fct\u00f6r\u00fcd\u00fcr. Ayn\u0131 zamanda T\u00fcrkiye\u2019de sa\u011fl\u0131k, spor ve beslenme alanlar\u0131nda \u00e7al\u0131\u015fan profesyonellere uluslararas\u0131 standartlarda e\u011fitimler sunan akredite bir kurumdur. 10 y\u0131l\u0131 a\u015fk\u0131n s\u00fcredir, diyetisyenler ve spor e\u011fitmenlerinin kariyer geli\u015fimlerine katk\u0131da bulunan Sa\u011fl\u0131k End\u00fcstrisi; 70\u2019i a\u015fk\u0131n yerli ve yabanc\u0131 e\u011fitmen kadrosuyla her y\u0131l 2000\u2019e yak\u0131n diyetisyen ve 3000\u2019e yak\u0131n spor profesyoneline e\u011fitim vermektedir.\u00a0<\/p>","protected":false},"author":1,"featured_media":0,"parent":0,"menu_order":0,"comment_status":"closed","ping_status":"closed","template":"elementor_canvas","meta":{"footnotes":""},"class_list":["post-1834","page","type-page","status-publish","hentry"],"blocksy_meta":[],"rttpg_featured_image_url":null,"rttpg_author":{"display_name":"AnovatorTurkiye","author_link":"https:\/\/anovatorturkiye.com\/en\/author\/u1961862\/"},"rttpg_comment":0,"rttpg_category":null,"rttpg_excerpt":"Ana Men\u00fc Cihazlar\u0131m\u0131z Kullan\u0131c\u0131 Paneli Hakk\u0131m\u0131zda Hakk\u0131m\u0131zda Katalog SSS Blog \u0130leti\u015fim Ana Men\u00fc Cihazlar\u0131m\u0131z Kullan\u0131c\u0131 Paneli Hakk\u0131m\u0131zda Hakk\u0131m\u0131zda Katalog SSS Blog \u0130leti\u015fim Fiyat Teklifi Al\u0131n Hakk\u0131m\u0131zda Anovator, 2013 y\u0131l\u0131nda kurulmu\u015f, insan v\u00fccudu verilerinin de\u011ferlendirilmesine odaklanan inovatif bir teknoloji \u015firketidir. Yapay zeka (AI) ve Nesnelerin \u0130nterneti (IoT) teknolojileri ile donat\u0131lm\u0131\u015f \u00fcr\u00fcnleri sayesinde v\u00fccut kompozisyonu, tansiyon, kan&hellip;","_links":{"self":[{"href":"https:\/\/anovatorturkiye.com\/en\/wp-json\/wp\/v2\/pages\/1834","targetHints":{"allow":["GET"]}}],"collection":[{"href":"https:\/\/anovatorturkiye.com\/en\/wp-json\/wp\/v2\/pages"}],"about":[{"href":"https:\/\/anovatorturkiye.com\/en\/wp-json\/wp\/v2\/types\/page"}],"author":[{"embeddable":true,"href":"https:\/\/anovatorturkiye.com\/en\/wp-json\/wp\/v2\/users\/1"}],"replies":[{"embeddable":true,"href":"https:\/\/anovatorturkiye.com\/en\/wp-json\/wp\/v2\/comments?post=1834"}],"version-history":[{"count":13,"href":"https:\/\/anovatorturkiye.com\/en\/wp-json\/wp\/v2\/pages\/1834\/revisions"}],"predecessor-version":[{"id":4624,"href":"https:\/\/anovatorturkiye.com\/en\/wp-json\/wp\/v2\/pages\/1834\/revisions\/4624"}],"wp:attachment":[{"href":"https:\/\/anovatorturkiye.com\/en\/wp-json\/wp\/v2\/media?parent=1834"}],"curies":[{"name":"wp","href":"https:\/\/api.w.org\/{rel}","templated":true}]}}